{"id":15,"date":"2025-04-02T10:07:44","date_gmt":"2025-04-02T10:07:44","guid":{"rendered":"https:\/\/nicolegruber.studentsweb.at\/?page_id=15"},"modified":"2025-06-09T13:12:25","modified_gmt":"2025-06-09T13:12:25","slug":"about","status":"publish","type":"page","link":"https:\/\/nicolegruber.studentsweb.at\/?page_id=15","title":{"rendered":"About"},"content":{"rendered":"\n<div style=\"height:30px\" aria-hidden=\"true\" class=\"wp-block-spacer\"><\/div>\n\n\n\n<div class=\"wp-block-columns is-layout-flex wp-container-core-columns-is-layout-9d6595d7 wp-block-columns-is-layout-flex\">\n<div class=\"wp-block-column is-layout-flow wp-block-column-is-layout-flow\">\n<div class=\"wp-block-cover\" style=\"border-radius:100px;min-height:739px;aspect-ratio:unset;\"><img loading=\"lazy\" decoding=\"async\" width=\"1916\" height=\"2560\" class=\"wp-block-cover__image-background wp-image-122\" alt=\"Nageldesignerin Foto\" src=\"https:\/\/nicolegruber.studentsweb.at\/wp-content\/uploads\/2025\/06\/IMG_20250609_123604-2-scaled.jpg\" style=\"object-position:77% 86%\" data-object-fit=\"cover\" data-object-position=\"77% 86%\" srcset=\"https:\/\/nicolegruber.studentsweb.at\/wp-content\/uploads\/2025\/06\/IMG_20250609_123604-2-scaled.jpg 1916w, https:\/\/nicolegruber.studentsweb.at\/wp-content\/uploads\/2025\/06\/IMG_20250609_123604-2-224x300.jpg 224w, https:\/\/nicolegruber.studentsweb.at\/wp-content\/uploads\/2025\/06\/IMG_20250609_123604-2-766x1024.jpg 766w, https:\/\/nicolegruber.studentsweb.at\/wp-content\/uploads\/2025\/06\/IMG_20250609_123604-2-768x1026.jpg 768w, https:\/\/nicolegruber.studentsweb.at\/wp-content\/uploads\/2025\/06\/IMG_20250609_123604-2-1149x1536.jpg 1149w, https:\/\/nicolegruber.studentsweb.at\/wp-content\/uploads\/2025\/06\/IMG_20250609_123604-2-1532x2048.jpg 1532w\" sizes=\"auto, (max-width: 1916px) 100vw, 1916px\" \/><span aria-hidden=\"true\" class=\"wp-block-cover__background has-theme-palette-7-background-color has-background-dim-30 has-background-dim\"><\/span><div class=\"wp-block-cover__inner-container is-layout-flow wp-block-cover-is-layout-flow\">\n<h5 class=\"wp-block-heading has-text-align-left has-theme-palette-6-color has-text-color has-link-color wp-elements-abb062bf699802a3ce367b48e3f16cf2\"><br><br><br><br><br><br><br><br><br><br><br><br><br><br><br><br><\/h5>\n<\/div><\/div>\n<\/div>\n\n\n\n<div class=\"wp-block-column is-layout-flow wp-block-column-is-layout-flow\">\n<h2 class=\"wp-block-heading has-text-align-center has-larger-font-size\">ABOUT ME<\/h2>\n\n\n\n<p class=\"has-text-align-center has-theme-palette-6-color has-text-color has-link-color wp-elements-2087cc649c15211024ea108e3a36caf1\">Heyy, ich bin Nicole \u2013 und wenn\u2019s um N\u00e4gel geht, <br>schl\u00e4gt mein Herz ein kleines bisschen schneller.<\/p>\n\n\n\n<p class=\"has-text-align-center has-theme-palette-6-color has-text-color has-link-color wp-elements-5dce759a6615e6269af2f47eb0689131\">Schon als Kind war ich ganz aufgeregt, wenn mir jemand die N\u00e4gel lackiert hat. Es war nie \u201enur Farbe\u201c, sondern ein Gef\u00fchl \u2013 von sch\u00f6n sein, <br>gesehen werden, sich selbst feiern. <br>Heute bin ich diejenige, die dieses Gef\u00fchl weitergeben darf. <br>Und das liebe ich.<\/p>\n\n\n\n<p class=\"has-text-align-center has-theme-palette-6-color has-text-color has-link-color wp-elements-ae6216dc16c007079cd8de80ed4d1cb9\">Mit den Jahren habe ich angefangen, selbst zu gestalten, zu experimentieren, immer Neues auszuprobieren \u2013 und dabei gemerkt: Hier kann ich meine Kreativit\u00e4t leben. Kein Design ist wie das andere, <br>jede Person bringt ihre eigene Geschichte mit. <br>Genau das macht meinen Job so besonders.<\/p>\n\n\n\n<p class=\"has-text-align-center has-theme-palette-6-color has-text-color has-link-color wp-elements-14c7bfad3913bcf6e8c3471031043bd6\">nicoles shine stylish selfmade nails ist f\u00fcr mich kein \u201eStudio\u201c, sondern ein Ort zum Wohlf\u00fchlen, Reden, Lachen \u2013 und nat\u00fcrlich zum Sch\u00f6n sein. <br>Ich nehme mir Zeit f\u00fcr dich, h\u00f6re zu und freue mich \u00fcber jedes Detail, <br>das genau dich widerspiegelt.<\/p>\n\n\n\n<p class=\"has-text-align-center has-theme-palette-6-color has-text-color has-link-color wp-elements-f0a85f33d60e9dab963b1938abc85b46\">Wenn du Lust hast auf eine entspannte Auszeit mit sch\u00f6nen N\u00e4geln, <br>bist du bei mir genau richtig.<\/p>\n<\/div>\n<\/div>\n","protected":false},"excerpt":{"rendered":"<p>ABOUT ME Heyy, ich bin Nicole \u2013 und wenn\u2019s um N\u00e4gel geht, schl\u00e4gt mein Herz ein kleines bisschen schneller. Schon als Kind war ich ganz aufgeregt, wenn mir jemand die N\u00e4gel lackiert hat. Es war nie \u201enur Farbe\u201c, sondern ein Gef\u00fchl \u2013 von sch\u00f6n sein, gesehen werden, sich selbst feiern. Heute bin ich diejenige, die&#8230;<\/p>\n","protected":false},"author":1,"featured_media":0,"parent":0,"menu_order":0,"comment_status":"closed","ping_status":"closed","template":"","meta":{"_kad_post_transparent":"default","_kad_post_title":"","_kad_post_layout":"normal","_kad_post_sidebar_id":"","_kad_post_content_style":"default","_kad_post_vertical_padding":"","_kad_post_feature":"","_kad_post_feature_position":"","_kad_post_header":false,"_kad_post_footer":false,"_kad_post_classname":"","footnotes":""},"class_list":["post-15","page","type-page","status-publish","hentry"],"_links":{"self":[{"href":"https:\/\/nicolegruber.studentsweb.at\/index.php?rest_route=\/wp\/v2\/pages\/15","targetHints":{"allow":["GET"]}}],"collection":[{"href":"https:\/\/nicolegruber.studentsweb.at\/index.php?rest_route=\/wp\/v2\/pages"}],"about":[{"href":"https:\/\/nicolegruber.studentsweb.at\/index.php?rest_route=\/wp\/v2\/types\/page"}],"author":[{"embeddable":true,"href":"https:\/\/nicolegruber.studentsweb.at\/index.php?rest_route=\/wp\/v2\/users\/1"}],"replies":[{"embeddable":true,"href":"https:\/\/nicolegruber.studentsweb.at\/index.php?rest_route=%2Fwp%2Fv2%2Fcomments&post=15"}],"version-history":[{"count":54,"href":"https:\/\/nicolegruber.studentsweb.at\/index.php?rest_route=\/wp\/v2\/pages\/15\/revisions"}],"predecessor-version":[{"id":216,"href":"https:\/\/nicolegruber.studentsweb.at\/index.php?rest_route=\/wp\/v2\/pages\/15\/revisions\/216"}],"wp:attachment":[{"href":"https:\/\/nicolegruber.studentsweb.at\/index.php?rest_route=%2Fwp%2Fv2%2Fmedia&parent=15"}],"curies":[{"name":"wp","href":"https:\/\/api.w.org\/{rel}","templated":true}]}}