{"id":25,"date":"2025-04-02T10:09:06","date_gmt":"2025-04-02T10:09:06","guid":{"rendered":"https:\/\/nicolegruber.studentsweb.at\/?page_id=25"},"modified":"2025-06-09T13:34:22","modified_gmt":"2025-06-09T13:34:22","slug":"location","status":"publish","type":"page","link":"https:\/\/nicolegruber.studentsweb.at\/?page_id=25","title":{"rendered":"Location"},"content":{"rendered":"\n<h2 class=\"wp-block-heading has-text-align-center has-xxlarge-font-size\">LOCATION<\/h2>\n\n\n\n<p class=\"has-text-align-center has-theme-palette-6-color has-text-color has-link-color wp-elements-b3657ee51ce8065b151faa1e82d8ed08\">Mitten in Haag, an der Wiener Stra\u00dfe 2, erwartet dich ein Ort zum Wohlf\u00fchlen, Abschalten und Sch\u00f6n zu sein. Unser Studio vereint stilvolles Ambiente mit pers\u00f6nlichem Service \u2013 hier stehen Qualit\u00e4t und dein Wohlbefinden an erster Stelle.<\/p>\n\n\n\n<p class=\"has-text-align-center has-theme-palette-6-color has-text-color has-link-color wp-elements-3841c6d8e1748530f36352fc161eb39d\">Ob klassische Manik\u00fcre, kreative Designs oder entspannende Behandlungen: Bei nicoles shine stylish selfmade nails wird jeder Besuch zu einer kleinen Auszeit vom Alltag. Die zentrale Lage macht uns leicht erreichbar, egal ob du aus der Umgebung kommst oder einen Abstecher in die Stadt machst.<br><br>Genie\u00df professionelle Nagelpflege in entspannter Atmosph\u00e4re \u2013 wir freuen uns auf dich!<\/p>\n\n\n\n\n<div class=\"open-user-map \">\n\n  \n  \n  <!-- Map Container -->\n  <div class=\"oum-map-container\">\n    \n<div class=\"box-wrap map-size-default \">\n  \n  <div class=\"map-wrap\">\n    <div class=\"oum-loading-overlay\">\n      <div class=\"oum-loading-spinner\"><\/div>\n    <\/div>\n    <div id=\"map-20210929\" class=\"leaflet-map map-style_OpenStreetMap.Mapnik\" data-oum-tile-provider-container=\"openstreetmap\"><\/div>\n    \n    \n    \n    \n    \n    \n    <script type=\"text\/javascript\" id=\"oum-init-map\" data-category=\"functional\" class=\"cmplz-native\" data-oum-tile-provider=\"openstreetmap\">\n\n      map_el = `map-20210929`;\n\n      if(document.getElementById(map_el)) {\n        \/* Transfer PHP array to JS json *\/\n        var oum_all_locations = [{\"title\":\"Nagelstudio nicoles shine stylish selfmade nails\",\"lat\":\"48.111501737584\",\"lng\":\"14.568214934415\",\"zoom\":\"18\",\"content\":\"Nagelstudio nicoles shine stylish selfmade nails 97\",\"icon\":\"https:\/\/nicolegruber.studentsweb.at\/wp-content\/plugins\/open-user-map\/src\/leaflet\/images\/marker-icon_default-2x.png\",\"types\":[],\"post_id\":\"97\",\"address\":\"\",\"text\":\"\",\"image\":\"\",\"audio\":\"\",\"video\":\"\",\"custom_fields\":[],\"votes\":0,\"star_rating_avg\":0,\"star_rating_count\":0}];\n\n        \/\/ Wait for the main initialization function to be available, then call it\n        function oumWaitForMainInit() {\n          if (typeof oumInitializeMap === 'function') {\n            console.log('\ud83d\uddfa\ufe0f Open User Map: Starting');\n            \n            \/\/ Initialize the map\n            oumInitializeMap();\n          } else {\n            setTimeout(oumWaitForMainInit, 100);\n          }\n        }\n        \n        setTimeout(oumWaitForMainInit, 100);\n      }\n\n    <\/script>\n\n    <script type=\"text\/javascript\" id=\"oum-inline-js\" \n      data-category=\"functional\" \n      class=\"cmplz-native\" \n      data-minify=\"0\"\n      data-no-optimize=\"1\"\n      data-no-defer=\"1\"\n      data-no-combine=\"1\"\n      data-cfasync=\"false\"\n      data-pagespeed-no-defer\n      data-boot=\"1\">\n\n      map_el = `map-20210929`;\n\n      if(document.getElementById(map_el)) {\n\n        \/\/ Wait for OUMLoader to be defined\n        function oumLoading() {\n          if (typeof OUMLoader !== 'undefined') {\n            \/\/ Initialize loader for this map\n            OUMLoader.initLoader(map_el);\n\n            \/\/ Add event listener for map initialization complete\n            document.addEventListener('oum:map_initialized', function(e) {\n              if (e.detail.mapId === map_el) {\n                OUMLoader.setMapInitialized(map_el);\n              }\n            });\n          } else {\n            \/\/ If OUMLoader is not yet defined, wait and try again\n            setTimeout(oumLoading, 100);\n          }\n        }\n\n        \/\/ OUM Loading Spinner\n        oumLoading();\n\n        \/\/ OUM inline JS variables\n        var mapStyle = `OpenStreetMap.Mapnik`;\n        var oum_tile_provider_mapbox_key = ``;\n        var marker_icon_url = `https:\/\/nicolegruber.studentsweb.at\/wp-content\/plugins\/open-user-map\/src\/leaflet\/images\/marker-icon_default-2x.png`;\n        var marker_shadow_url = `https:\/\/nicolegruber.studentsweb.at\/wp-content\/plugins\/open-user-map\/src\/leaflet\/images\/marker-shadow.png`;\n        var oum_enable_scrollwheel_zoom_map = true;\n        var oum_enable_cluster = true;\n        var oum_enable_fullscreen = false;\n\n        var oum_enable_searchbar = false;\n        var oum_searchbar_type = `address`;\n\n        var oum_geosearch_selected_provider = ``; \n        var oum_geosearch_provider = `osm`;\n        var oum_geosearch_provider_geoapify_key = ``;\n        var oum_geosearch_provider_here_key = ``;\n        var oum_geosearch_provider_mapbox_key = ``;\n        \n        var oum_enable_searchaddress_button = false;\n        var oum_searchaddress_label = `Suche nach Adresse`;\n\n        var oum_enable_searchmarkers_button = false;\n        var oum_searchmarkers_label = `Marker finden`;\n        var oum_searchmarkers_zoom = `8`;\n\n        var oum_enable_currentlocation = false;\n        var oum_action_after_submit = `text`;\n        var thankyou_redirect = ``;\n        var start_lat = Number(48.111552371518);\n        var start_lng = Number(14.568496806194);\n        var start_zoom = Number(17.5);\n        \n        var oum_enable_fixed_map_bounds = `on`;\n        var oum_use_settings_start_location = true;\n        var oum_has_regions = false;\n        var oum_enable_multiple_marker_types = `false`;\n        var oum_hide_filterbox = false;\n        var oum_hide_location_popup = false;\n        var oum_enable_address = `on`;\n        var oum_enable_address_autofill = ``;\n\n        \/\/ WordPress timezone for opening hours calculations\n        var oum_wordpress_timezone = `UTC+0`;\n\n        \/\/ Custom Image data\n        var oum_custom_image_url = ``;\n        var oum_custom_image_bounds = {};\n        var oum_custom_image_hide_tiles = false;\n        var oum_custom_image_background_color = `#ffffff`;\n\n        var oum_location = {};\n        var oum_custom_css = '';\n        var oum_custom_script = '';\n        var oum_max_image_filesize = 10;\n        var oumMap;\n        var oumMap2;\n\n        \/**\n         * Conditional Field Feature\n         * \n         * @param {string} sourceField - The source field selector\n         * @param {string} targetField - The target field selector\n         * @param {array} condShow - The values that should show the target field\n         * @param {array|null} condHide - The values that should hide the target field. If empty\/null\/undefined, the field will be hidden when condShow is not met.\n         *\/\n        var oumConditionalField = (sourceField, targetField, condShow, condHide = null) => {\n            const sourceElements = document.querySelectorAll(sourceField); \/\/ Select all radios\/checkboxes or single select\n            const targetElementWrapper = document.querySelector(targetField)?.parentElement; \/* works with custom fields only *\/\n\n            \/\/ Check if both sourceElements and targetElementWrapper exist\n            if (!sourceElements.length) {\n                console.warn(`OUM: Source field(s) not found: ${sourceField}`);\n                return;\n            }\n\n            if (!targetElementWrapper) {\n                console.warn(`OUM: Target field wrapper not found: ${targetField}`);\n                return;\n            }\n\n            \/* Event listener for change *\/\n            const onChangeHandler = function() {\n                \/\/ Get selected values for checkboxes and single selected value for radios\/select\n                const selectedValues = Array.from(sourceElements)\n                    .filter(element => element.checked || element.tagName === 'SELECT')\n                    .map(element => element.value);\n\n                const selectedValue = selectedValues[0]; \/\/ For radios and selects, we use only the first (and only) value\n\n                console.log('OUM: run condition', {selectedValue, sourceField, targetField, condShow, condHide});\n                \n                \/\/ Show or hide target field based on the selected value(s)\n                if (condShow.includes(selectedValue)) {\n                    \/\/ Show the field if condShow condition is met\n                    targetElementWrapper.style.display = 'block';\n                } else if (condHide && Array.isArray(condHide) && condHide.length > 0 && condHide.includes(selectedValue)) {\n                    \/\/ Hide the field if condHide is provided and condition is met\n                    targetElementWrapper.style.display = 'none';\n                } else if (!condHide || (Array.isArray(condHide) && condHide.length === 0)) {\n                    \/\/ If condHide is empty\/null\/undefined, hide the field when condShow is not met\n                    targetElementWrapper.style.display = 'none';\n                }\n            };\n\n            \/* Attach the event listener to each radio\/checkbox or select *\/\n            sourceElements.forEach(element => {\n                element.addEventListener('change', onChangeHandler);\n            });\n\n            \/* Trigger initially *\/\n            onChangeHandler(); \/\/ Call it directly to set initial state\n        };\n\n        \/**\n         * Add Custom Styles\n         *\/\n        \n                            \/* custom color *\/\n          oum_custom_css += `\n            .open-user-map .add-location #close-add-location-overlay:hover {color: #e02aaf !important}\n            .open-user-map .box-wrap .map-wrap .open-add-location-overlay {background-color: #e02aaf !important}\n            .open-user-map .box-wrap .map-wrap .open-add-location-overlay:hover,\n            .open-user-map .box-wrap .map-wrap .open-add-location-overlay:active {background-color: #ca269e !important}\n            .open-user-map .box-wrap .map-wrap .oum-filter-controls .oum-filter-list .close-filter-list:hover {color: #e02aaf !important}\n            .open-user-map .oum-advanced-filter-button .oum-advanced-filter-content .close-advanced-filter:hover,\n            .open-user-map .oum-advanced-filter-panel .oum-advanced-filter-content .close-advanced-filter:hover {color: #e02aaf !important}\n            .open-user-map input.oum-switch[type=\"checkbox\"]:checked + label::before {background-color: #e02aaf !important}\n            .open-user-map .add-location .location-overlay-content #oum_add_location .oum-required-indicator {color: #e02aaf !important}\n            .open-user-map .add-location .location-overlay-content #oum_add_location h2 {color: #e02aaf !important}\n            .open-user-map .add-location .location-overlay-content #oum_add_location input[type=text]:focus,\n            .open-user-map .add-location .location-overlay-content #oum_add_location input[type=email]:focus,\n            .open-user-map .add-location .location-overlay-content #oum_add_location input[type=url]:focus,\n            .open-user-map .add-location .location-overlay-content #oum_add_location textarea:focus,\n            .open-user-map .add-location .location-overlay-content #oum_add_location select:focus {border-color: #e02aaf !important; box-shadow: 0 0 0 2px #e02aaf1a !important}\n            .open-user-map .add-location .location-overlay-content #oum_add_location_thankyou h3 {color: #e02aaf !important}\n            .open-user-map .oum_location_text a {color: #e02aaf !important}\n            .open-user-map .oum_location_text .oum_vote_button_wrap .oum_vote_button.voted {background: #e02aaf !important; border-color: #e02aaf !important;}\n            .open-user-map .oum-tabs {border-color: #e02aaf !important}\n            .open-user-map .oum-tabs .nav-item:hover {color: #e02aaf !important; border-color: #e02aaf !important}\n            .open-user-map .oum-tabs .nav-item.active {color: #e02aaf !important; border-color: #e02aaf !important}\n            .open-user-map .box-wrap .map-wrap .oum-attribution a {color: #e02aaf !important;}\n            \/* Submit Button *\/\n            .open-user-map .add-location .location-overlay-content #oum_add_location input[type=submit] {background-color: #e02aaf !important; border-color: #e02aaf !important;}\n            .open-user-map .add-location .location-overlay-content #oum_add_location input[type=submit]:hover,\n            .open-user-map .add-location .location-overlay-content #oum_add_location input[type=submit]:active {background-color: #ca269e !important;}\n            \/* Message CTA Buttons *\/\n            .open-user-map .add-location .location-overlay-content #oum_add_location_thankyou button {background-color: #e02aaf !important; border-color: #e02aaf !important;}\n            .open-user-map .add-location .location-overlay-content #oum_add_location_thankyou button:hover,\n            .open-user-map .add-location .location-overlay-content #oum_add_location_thankyou button:active {background-color: #ca269e !important;}\n            .open-user-map .add-location .location-overlay-content .oum-delete-confirmation button {background-color: #e02aaf !important; border-color: #e02aaf !important;}\n            .open-user-map .add-location .location-overlay-content .oum-delete-confirmation button:hover,\n            .open-user-map .add-location .location-overlay-content .oum-delete-confirmation button:active {background-color: #ca269e !important;}\n            \/* Media Section Colors *\/\n            .open-user-map .add-location .location-overlay-content #oum_add_location .oum_media .media-upload label {color: #e02aaf !important}\n            .open-user-map .add-location .location-overlay-content #oum_add_location .oum_media .oum-image-upload .media-upload-top label .multi-upload-indicator {background: #e02aaf !important}\n            .open-user-map .add-location .location-overlay-content #oum_add_location .oum_media .oum-video-upload input[type=text]:hover {border-color: #e02aaf !important}\n            .open-user-map .add-location .location-overlay-content #oum_add_location .oum_media .oum-video-upload input[type=text]:focus {border-color: #e02aaf !important; box-shadow: 0 0 0 2px #e02aaf1a !important}\n            .open-user-map .add-location .location-overlay-content #oum_add_location .oum_media .image-preview-placeholder {border-color: #e02aaf !important; background: #e02aaf0a !important}\n            .open-user-map .add-location .location-overlay-content #oum_add_location .oum_media .oum-image-preview-grid .image-preview-item.dragging {border-color: #e02aaf !important}\n            \/* List Styles *\/\n            .open-user-map-locations-list .oum-locations-list-item .oum_location_text a {color: #e02aaf !important} \n            .open-user-map-locations-list .oum-locations-list-item .oum_location_text .oum_vote_button_wrap .oum_vote_button.voted {background: #e02aaf !important; border-color: #e02aaf !important;}`;\n\n        \n        \n        \n        var custom_style = document.createElement('style');\n\n        if (custom_style.styleSheet) {\n          custom_style.styleSheet.cssText = oum_custom_css;\n        } else {\n          custom_style.appendChild(document.createTextNode(oum_custom_css));\n        }\n\n        document.getElementsByTagName('head')[0].appendChild(custom_style);\n\n        \/* Add initial CSS to prevent flash of unstyled content *\/\n        var initialStyles = document.createElement('style');\n        initialStyles.textContent = `\n          .oum-hidden {\n            opacity: 0 !important;\n            visibility: hidden !important;\n            transition: opacity 0.3s ease, visibility 0.3s ease;\n          }\n          .oum-filter-controls,\n          .open-add-location-overlay,\n          #oum_filter_markers,\n          .oum-advanced-filter-button,\n          .oum-advanced-filter-panel,\n          .oum-sidebar {\n            opacity: 0;\n            visibility: hidden;\n            transition: opacity 0.3s ease, visibility 0.3s ease;\n          }\n          .oum-filter-controls.visible,\n          .open-add-location-overlay.visible,\n          #oum_filter_markers.visible,\n          .oum-advanced-filter-button.visible,\n          .oum-advanced-filter-panel.visible,\n          .oum-sidebar.visible {\n            opacity: 1;\n            visibility: visible;\n          }\n        `;\n        document.head.appendChild(initialStyles);\n\n      }\n    <\/script>\n\n  <\/div>\n\n<\/div>\n  <\/div>\n\n<\/div>","protected":false},"excerpt":{"rendered":"<p>LOCATION Mitten in Haag, an der Wiener Stra\u00dfe 2, erwartet dich ein Ort zum Wohlf\u00fchlen, Abschalten und Sch\u00f6n zu sein. Unser Studio vereint stilvolles Ambiente mit pers\u00f6nlichem Service \u2013 hier stehen Qualit\u00e4t und dein Wohlbefinden an erster Stelle. Ob klassische Manik\u00fcre, kreative Designs oder entspannende Behandlungen: Bei nicoles shine stylish selfmade nails wird jeder Besuch&#8230;<\/p>\n","protected":false},"author":1,"featured_media":0,"parent":0,"menu_order":0,"comment_status":"closed","ping_status":"closed","template":"","meta":{"_kad_post_transparent":"","_kad_post_title":"","_kad_post_layout":"normal","_kad_post_sidebar_id":"","_kad_post_content_style":"","_kad_post_vertical_padding":"","_kad_post_feature":"","_kad_post_feature_position":"","_kad_post_header":false,"_kad_post_footer":false,"_kad_post_classname":"","footnotes":""},"class_list":["post-25","page","type-page","status-publish","hentry"],"_links":{"self":[{"href":"https:\/\/nicolegruber.studentsweb.at\/index.php?rest_route=\/wp\/v2\/pages\/25","targetHints":{"allow":["GET"]}}],"collection":[{"href":"https:\/\/nicolegruber.studentsweb.at\/index.php?rest_route=\/wp\/v2\/pages"}],"about":[{"href":"https:\/\/nicolegruber.studentsweb.at\/index.php?rest_route=\/wp\/v2\/types\/page"}],"author":[{"embeddable":true,"href":"https:\/\/nicolegruber.studentsweb.at\/index.php?rest_route=\/wp\/v2\/users\/1"}],"replies":[{"embeddable":true,"href":"https:\/\/nicolegruber.studentsweb.at\/index.php?rest_route=%2Fwp%2Fv2%2Fcomments&post=25"}],"version-history":[{"count":8,"href":"https:\/\/nicolegruber.studentsweb.at\/index.php?rest_route=\/wp\/v2\/pages\/25\/revisions"}],"predecessor-version":[{"id":262,"href":"https:\/\/nicolegruber.studentsweb.at\/index.php?rest_route=\/wp\/v2\/pages\/25\/revisions\/262"}],"wp:attachment":[{"href":"https:\/\/nicolegruber.studentsweb.at\/index.php?rest_route=%2Fwp%2Fv2%2Fmedia&parent=25"}],"curies":[{"name":"wp","href":"https:\/\/api.w.org\/{rel}","templated":true}]}}