{"id":38,"date":"2025-04-23T10:00:20","date_gmt":"2025-04-23T10:00:20","guid":{"rendered":"https:\/\/nicolegruber.studentsweb.at\/?page_id=38"},"modified":"2025-06-09T12:52:34","modified_gmt":"2025-06-09T12:52:34","slug":"legal-notice","status":"publish","type":"page","link":"https:\/\/nicolegruber.studentsweb.at\/?page_id=38","title":{"rendered":"Legal Notice"},"content":{"rendered":"\n<p class=\"has-theme-palette-6-color has-text-color has-link-color wp-elements-c0f78f9d8a71c2d650493eba5d7fcb8d\">Impressum&nbsp;<\/p>\n\n\n\n<p class=\"has-theme-palette-6-color has-text-color has-link-color wp-elements-fd43fbcbbd75044d48f2e48549ea7e80\">Informationspflicht laut \u00a75 E-Commerce Gesetz, \u00a714 Unternehmensgesetzbuch, \u00a763 Gewerbeordnung und Offenlegungspflicht laut \u00a725 Mediengesetz.&nbsp;<\/p>\n\n\n\n<p class=\"has-theme-palette-6-color has-text-color has-link-color wp-elements-3f87338215bfafcb2fc0d1a2a8159d50\">Nagelstudio nicoles shine stylish selfmade nails\u00a0<br>Nicole Gruber\u00a0<br>Wiener Stra\u00dfe 2\u00a0\u00a0<br>3350 Haag\u00a0\u00a0<br>\u00d6sterreich\u00a0<\/p>\n\n\n\n<p class=\"has-theme-palette-6-color has-text-color has-link-color wp-elements-035e765e86dba5df69d65b1f1cb88599\"><strong>Unternehmensgegenstand:<\/strong>&nbsp;Nagelstudio&nbsp;<\/p>\n\n\n\n<p class=\"has-theme-palette-6-color has-text-color has-link-color wp-elements-7fc85cd14587a4687ac0b7830691d6c7\"><strong>Tel.:<\/strong>&nbsp;+43 660 1234567&nbsp;<br>E-Mail: nicole.gruber@hlwhaag.ac.at<\/p>\n\n\n\n<p class=\"has-theme-palette-6-color has-text-color has-link-color wp-elements-786269a058c5be88eaf331990d604304\"><strong>Mitglied bei:<\/strong>&nbsp;WKO, Friseurinnung&nbsp;<br>Berufsrecht:&nbsp;<a href=\"https:\/\/www.wko.at\/branchen\/gewerbe-handwerk\/fusspfleger-kosmetiker-masseure\/gewerbeordnung.html\">https:\/\/www.wko.at\/branchen\/gewerbe-handwerk\/fusspfleger-kosmetiker-masseure\/gewerbeordnung.html<\/a>&nbsp;<\/p>\n\n\n\n<p class=\"has-theme-palette-6-color has-text-color has-link-color wp-elements-42b8e7d1a179ed9bf26bccfb2cbd426d\"><strong>Aufsichtsbeh\u00f6rde\/Gewerbebeh\u00f6rde:<\/strong>&nbsp;Bezirkshauptmannschaft G\u00fcssing&nbsp;<br>Berufsbezeichnung: Nageldesigner&nbsp;<br>Verleihungsstaat: \u00d6sterreich&nbsp;<\/p>\n\n\n\n<p class=\"has-theme-palette-6-color has-text-color has-link-color wp-elements-54c35c01a9e5192641a22a55d1cca4d5\"><strong>Kontaktdaten des Verantwortlichen f\u00fcr Datenschutz<\/strong>\u00a0\u00a0<br>Sollten Sie Fragen zum Datenschutz haben, finden Sie nachfolgend die Kontaktdaten der verantwortlichen Person bzw. Stelle:\u00a0<br>Nagelstudio nicoles shine stylish selfmade nails\u00a0<br>Nicole Gruber\u00a0<br>Wiener Stra\u00dfe 2\u00a0\u00a0<br>3350 Haag\u00a0\u00a0<br>\u00d6sterreich\u00a0<\/p>\n\n\n\n<p class=\"has-theme-palette-6-color has-text-color has-link-color wp-elements-844dfe69c3fd120a54731ef466625917\">EU-Streitschlichtung&nbsp;<\/p>\n\n\n\n<p class=\"has-theme-palette-6-color has-text-color has-link-color wp-elements-1f8fc4c44a702b1255575ebe170c94fd\">Gem\u00e4\u00df Verordnung \u00fcber Online-Streitbeilegung in Verbraucherangelegenheiten (ODR-Verordnung) m\u00f6chten wir Sie \u00fcber die Online-Streitbeilegungsplattform (OS-Plattform) informieren.&nbsp;<br>Verbraucher haben die M\u00f6glichkeit, Beschwerden an die&nbsp;Online Streitbeilegungsplattform&nbsp;der Europ\u00e4ischen Kommission unter&nbsp;<a href=\"https:\/\/ec.europa.eu\/consumers\/odr\/main\/index.cfm?event=main.home2.show&amp;lng=DE\">http:\/\/ec.europa.eu\/odr?tid=121903941<\/a>&nbsp;zu richten. Die daf\u00fcr notwendigen Kontaktdaten finden Sie oberhalb in unserem Impressum.&nbsp;<\/p>\n\n\n\n<p class=\"has-theme-palette-6-color has-text-color has-link-color wp-elements-26cfd378f7ac5995ae103c4c2c2accc0\">Wir m\u00f6chten Sie jedoch darauf hinweisen, dass wir nicht bereit oder verpflichtet sind, an Streitbeilegungsverfahren vor einer Verbraucherschlichtungsstelle teilzunehmen.&nbsp;<\/p>\n\n\n\n<p class=\"has-theme-palette-6-color has-text-color has-link-color wp-elements-e0ff2126e515ac783fc88b50d9f95261\">Haftung f\u00fcr Inhalte dieser Website&nbsp;<\/p>\n\n\n\n<p class=\"has-theme-palette-6-color has-text-color has-link-color wp-elements-855d007fbce3596400a3de6a3371dca1\">Wir entwickeln die Inhalte dieser Website st\u00e4ndig weiter und bem\u00fchen uns korrekte und aktuelle Informationen bereitzustellen. Leider k\u00f6nnen wir keine Haftung f\u00fcr die Korrektheit aller Inhalte auf dieser Website \u00fcbernehmen, speziell f\u00fcr jene, die seitens Dritter bereitgestellt wurden. Als Diensteanbieter sind wir nicht verpflichtet, die von ihnen \u00fcbermittelten oder gespeicherten Informationen zu \u00fcberwachen oder nach Umst\u00e4nden zu forschen, die auf eine rechtswidrige T\u00e4tigkeit hinweisen.&nbsp;<\/p>\n\n\n\n<p class=\"has-theme-palette-6-color has-text-color has-link-color wp-elements-a6ce37c1178b9f6223a28a5d49f66242\">Unsere Verpflichtungen zur Entfernung von Informationen oder zur Sperrung der Nutzung von Informationen nach den allgemeinen Gesetzen aufgrund von gerichtlichen oder beh\u00f6rdlichen Anordnungen bleiben auch im Falle unserer Nichtverantwortlichkeit davon unber\u00fchrt.&nbsp;<\/p>\n\n\n\n<p class=\"has-theme-palette-6-color has-text-color has-link-color wp-elements-105737ca8184059741ab7feda2885282\">Sollten Ihnen problematische oder rechtswidrige Inhalte auffallen, bitte wir Sie uns umgehend zu kontaktieren, damit wir die rechtswidrigen Inhalte entfernen k\u00f6nnen. Sie finden die Kontaktdaten im Impressum.&nbsp;<\/p>\n\n\n\n<p class=\"has-theme-palette-6-color has-text-color has-link-color wp-elements-e8cd0c6f6f783771bfaa0c0acc107da7\">Haftung f\u00fcr Links auf dieser Website&nbsp;<\/p>\n\n\n\n<p class=\"has-theme-palette-6-color has-text-color has-link-color wp-elements-34d731f8c92978fe365b5d67a67e3506\">Unsere Website enth\u00e4lt Links zu anderen Websites f\u00fcr deren Inhalt wir nicht verantwortlich sind. Haftung f\u00fcr verlinkte Websites besteht f\u00fcr uns nicht, da wir keine Kenntnis rechtswidriger T\u00e4tigkeiten hatten und haben, uns solche Rechtswidrigkeiten auch bisher nicht aufgefallen sind und wir Links sofort entfernen w\u00fcrden, wenn uns Rechtswidrigkeiten bekannt werden.&nbsp;<\/p>\n\n\n\n<p class=\"has-theme-palette-6-color has-text-color has-link-color wp-elements-5586c13245c326ccc119511e700ad09e\">Wenn Ihnen rechtswidrige Links auf unserer Website auffallen, bitte wir Sie uns zu kontaktieren. Sie finden die Kontaktdaten im Impressum.&nbsp;<\/p>\n\n\n\n<p class=\"has-theme-palette-6-color has-text-color has-link-color wp-elements-17adabb476bcdb66a84bd78f59101e44\">Urheberrechtshinweis&nbsp;<\/p>\n\n\n\n<p class=\"has-theme-palette-6-color has-text-color has-link-color wp-elements-8f10ef6e4cba607e3a4cb54bc7281b0e\">Alle Inhalte dieser Webseite (Bilder, Fotos, Texte, Videos) unterliegen dem Urheberrecht. Bitte fragen Sie uns bevor Sie die Inhalte dieser Website verbreiten, vervielf\u00e4ltigen oder verwerten wie zum Beispiel auf anderen Websites erneut ver\u00f6ffentlichen. Falls notwendig, werden wir die unerlaubte Nutzung von Teilen der Inhalte unserer Seite rechtlich verfolgen.&nbsp;<\/p>\n\n\n\n<p class=\"has-theme-palette-6-color has-text-color has-link-color wp-elements-0a5a09cb3070e20c6f84ae89d313114f\">Sollten Sie auf dieser Webseite Inhalte finden, die das Urheberrecht verletzen, bitten wir Sie uns zu kontaktieren.&nbsp;<\/p>\n\n\n\n<p class=\"has-theme-palette-6-color has-text-color has-link-color wp-elements-f06e98c6886d61367edcdadad53ed6bb\">Bildernachweis&nbsp;<\/p>\n\n\n\n<p class=\"has-theme-palette-6-color has-text-color has-link-color wp-elements-8acf74c1f6cf6c6ecdefe8f39f498fcd\">Die Bilder, Fotos und Grafiken auf dieser Webseite sind urheberrechtlich gesch\u00fctzt.&nbsp;<\/p>\n\n\n\n<p class=\"has-theme-palette-6-color has-text-color has-link-color wp-elements-187e85856801941c19b2094e2947f0da\">Die Bilderrechte liegen bei den folgenden Fotografen und Unternehmen:&nbsp;<\/p>\n\n\n\n<ul class=\"wp-block-list has-theme-palette-6-color has-text-color has-link-color wp-elements-506c61e8c004b1c1044edd4c2ba846d2\">\n<li>Nagelstudio nicoles shine stylish selfmade nails<\/li>\n<\/ul>\n\n\n\n<p class=\"has-theme-palette-6-color has-text-color has-link-color wp-elements-28eeb3ff16a73f7cf07fff60f755e330\">Alle Texte sind urheberrechtlich gesch\u00fctzt.&nbsp;<\/p>\n\n\n\n<p class=\"has-theme-palette-6-color has-text-color has-link-color wp-elements-2f853e3fdee96f3953150c1ff78bede9\">Quelle: Erstellt mit dem&nbsp;<a href=\"https:\/\/www.adsimple.at\/impressum-generator\/\">Impressum Generator<\/a>&nbsp;von&nbsp;AdSimple&nbsp;<\/p>\n","protected":false},"excerpt":{"rendered":"<p>Impressum&nbsp; Informationspflicht laut \u00a75 E-Commerce Gesetz, \u00a714 Unternehmensgesetzbuch, \u00a763 Gewerbeordnung und Offenlegungspflicht laut \u00a725 Mediengesetz.&nbsp; Nagelstudio nicoles shine stylish selfmade nails\u00a0Nicole Gruber\u00a0Wiener Stra\u00dfe 2\u00a0\u00a03350 Haag\u00a0\u00a0\u00d6sterreich\u00a0 Unternehmensgegenstand:&nbsp;Nagelstudio&nbsp; Tel.:&nbsp;+43 660 1234567&nbsp;E-Mail: nicole.gruber@hlwhaag.ac.at Mitglied bei:&nbsp;WKO, Friseurinnung&nbsp;Berufsrecht:&nbsp;https:\/\/www.wko.at\/branchen\/gewerbe-handwerk\/fusspfleger-kosmetiker-masseure\/gewerbeordnung.html&nbsp; Aufsichtsbeh\u00f6rde\/Gewerbebeh\u00f6rde:&nbsp;Bezirkshauptmannschaft G\u00fcssing&nbsp;Berufsbezeichnung: Nageldesigner&nbsp;Verleihungsstaat: \u00d6sterreich&nbsp; Kontaktdaten des Verantwortlichen f\u00fcr Datenschutz\u00a0\u00a0Sollten Sie Fragen zum Datenschutz haben, finden Sie nachfolgend die Kontaktdaten der verantwortlichen Person&#8230;<\/p>\n","protected":false},"author":1,"featured_media":0,"parent":0,"menu_order":0,"comment_status":"closed","ping_status":"closed","template":"","meta":{"_kad_post_transparent":"","_kad_post_title":"","_kad_post_layout":"","_kad_post_sidebar_id":"","_kad_post_content_style":"","_kad_post_vertical_padding":"","_kad_post_feature":"","_kad_post_feature_position":"","_kad_post_header":false,"_kad_post_footer":false,"_kad_post_classname":"","footnotes":""},"class_list":["post-38","page","type-page","status-publish","hentry"],"_links":{"self":[{"href":"https:\/\/nicolegruber.studentsweb.at\/index.php?rest_route=\/wp\/v2\/pages\/38","targetHints":{"allow":["GET"]}}],"collection":[{"href":"https:\/\/nicolegruber.studentsweb.at\/index.php?rest_route=\/wp\/v2\/pages"}],"about":[{"href":"https:\/\/nicolegruber.studentsweb.at\/index.php?rest_route=\/wp\/v2\/types\/page"}],"author":[{"embeddable":true,"href":"https:\/\/nicolegruber.studentsweb.at\/index.php?rest_route=\/wp\/v2\/users\/1"}],"replies":[{"embeddable":true,"href":"https:\/\/nicolegruber.studentsweb.at\/index.php?rest_route=%2Fwp%2Fv2%2Fcomments&post=38"}],"version-history":[{"count":4,"href":"https:\/\/nicolegruber.studentsweb.at\/index.php?rest_route=\/wp\/v2\/pages\/38\/revisions"}],"predecessor-version":[{"id":237,"href":"https:\/\/nicolegruber.studentsweb.at\/index.php?rest_route=\/wp\/v2\/pages\/38\/revisions\/237"}],"wp:attachment":[{"href":"https:\/\/nicolegruber.studentsweb.at\/index.php?rest_route=%2Fwp%2Fv2%2Fmedia&parent=38"}],"curies":[{"name":"wp","href":"https:\/\/api.w.org\/{rel}","templated":true}]}}